{"id":8776,"date":"2025-10-11T13:44:45","date_gmt":"2025-10-11T16:44:45","guid":{"rendered":"https:\/\/jlprojects.com.br\/target\/?page_id=8776"},"modified":"2025-10-11T13:45:23","modified_gmt":"2025-10-11T16:45:23","slug":"relacoes-publicas","status":"publish","type":"page","link":"https:\/\/jlprojects.com.br\/target\/relacoes-publicas\/","title":{"rendered":"Rela\u00e7\u00f5es p\u00fablicas"},"content":{"rendered":"\t\t<div data-elementor-type=\"wp-page\" data-elementor-id=\"8776\" class=\"elementor elementor-8776\" data-elementor-post-type=\"page\">\n\t\t\t\t<div class=\"elementor-element elementor-element-61a3bfb e-flex e-con-boxed e-con e-parent\" data-id=\"61a3bfb\" data-element_type=\"container\">\n\t\t\t\t\t<div class=\"e-con-inner\">\n\t\t\t\t<div class=\"elementor-element elementor-element-7331d13 elementor-widget elementor-widget-heading\" data-id=\"7331d13\" data-element_type=\"widget\" data-widget_type=\"heading.default\">\n\t\t\t\t<div class=\"elementor-widget-container\">\n\t\t\t\t\t<h1 class=\"elementor-heading-title elementor-size-default\">Rela\u00e7\u00f5es p\u00fablicas\n<\/h1>\t\t\t\t<\/div>\n\t\t\t\t<\/div>\n\t\t\t\t\t<\/div>\n\t\t\t\t<\/div>\n\t\t<div class=\"elementor-element elementor-element-e0bae31 e-flex e-con-boxed e-con e-parent\" data-id=\"e0bae31\" data-element_type=\"container\">\n\t\t\t\t\t<div class=\"e-con-inner\">\n\t\t\t\t<div class=\"elementor-element elementor-element-6e47b5c elementor-widget elementor-widget-text-editor\" data-id=\"6e47b5c\" data-element_type=\"widget\" data-widget_type=\"text-editor.default\">\n\t\t\t\t<div class=\"elementor-widget-container\">\n\t\t\t\t\t\t\t\t\t<p><b>Relacionamento \u00e9 reputa\u00e7\u00e3o em movimento.<\/b><span style=\"font-weight: 400;\"><br \/><\/span><span style=\"font-weight: 400;\">A atua\u00e7\u00e3o em Rela\u00e7\u00f5es P\u00fablicas \u00e9 parte do DNA da Target. Criamos estrat\u00e9gias que constroem, fortalecem e mant\u00eam v\u00ednculos consistentes entre institui\u00e7\u00f5es, marcas e seus p\u00fablicos de interesse \u2014 seja com imprensa, consumidores, parceiros, colaboradores, financiadores ou lideran\u00e7as de opini\u00e3o.<\/span><\/p><p><span style=\"font-weight: 400;\">Com base em planejamento, an\u00e1lise de cen\u00e1rio e media\u00e7\u00e3o de interesses, atuamos em diferentes frentes: posicionamento institucional, a\u00e7\u00f5es com p\u00fablicos de interesse, articula\u00e7\u00e3o com redes e fortalecimento de imagem p\u00fablica. Seja para lan\u00e7ar um projeto, ampliar legitimidade ou gerenciar contextos complexos, oferecemos uma atua\u00e7\u00e3o \u00e9tica, personalizada e de longo prazo.<\/span><\/p><p><b>Diferencial Target:<\/b><span style=\"font-weight: 400;\"><br \/><\/span><span style=\"font-weight: 400;\">Nossa experi\u00eancia acumulada com setores diversos \u2014 de grandes marcas \u00e0 organiza\u00e7\u00f5es da sociedade civil \u2014 permite uma leitura estrat\u00e9gica dos ambientes e uma habilidade \u00fanica de di\u00e1logo com m\u00faltiplos p\u00fablicos.<\/span><\/p>\t\t\t\t\t\t\t\t<\/div>\n\t\t\t\t<\/div>\n\t\t\t\t\t<\/div>\n\t\t\t\t<\/div>\n\t\t\t\t<section class=\"elementor-section elementor-top-section elementor-element elementor-element-1b8aa0c elementor-section-boxed elementor-section-height-default elementor-section-height-default\" data-id=\"1b8aa0c\" data-element_type=\"section\" data-settings=\"{&quot;background_background&quot;:&quot;classic&quot;}\">\n\t\t\t\t\t\t\t<div class=\"elementor-background-overlay\"><\/div>\n\t\t\t\t\t\t\t<div class=\"elementor-container elementor-column-gap-default\">\n\t\t\t\t\t<div class=\"elementor-column elementor-col-100 elementor-top-column elementor-element elementor-element-84edb91\" data-id=\"84edb91\" data-element_type=\"column\">\n\t\t\t<div class=\"elementor-widget-wrap elementor-element-populated\">\n\t\t\t\t\t\t<section class=\"elementor-section elementor-inner-section elementor-element elementor-element-cee286a elementor-section-boxed elementor-section-height-default elementor-section-height-default\" data-id=\"cee286a\" data-element_type=\"section\">\n\t\t\t\t\t\t<div class=\"elementor-container elementor-column-gap-default\">\n\t\t\t\t\t<div class=\"elementor-column elementor-col-100 elementor-inner-column elementor-element elementor-element-bd2031e\" data-id=\"bd2031e\" data-element_type=\"column\">\n\t\t\t<div class=\"elementor-widget-wrap elementor-element-populated\">\n\t\t\t\t\t\t<div class=\"elementor-element elementor-element-813313e elementor-widget elementor-widget-heading\" data-id=\"813313e\" data-element_type=\"widget\" data-widget_type=\"heading.default\">\n\t\t\t\t<div class=\"elementor-widget-container\">\n\t\t\t\t\t<h2 class=\"elementor-heading-title elementor-size-default\">Se interessou? <p>\nEntre em contato conosco!<\/h2>\t\t\t\t<\/div>\n\t\t\t\t<\/div>\n\t\t\t\t<div class=\"elementor-element elementor-element-5958a0c elementor-widget-divider--view-line elementor-widget elementor-widget-divider\" data-id=\"5958a0c\" data-element_type=\"widget\" data-widget_type=\"divider.default\">\n\t\t\t\t<div class=\"elementor-widget-container\">\n\t\t\t\t\t\t\t<div class=\"elementor-divider\">\n\t\t\t<span class=\"elementor-divider-separator\">\n\t\t\t\t\t\t<\/span>\n\t\t<\/div>\n\t\t\t\t\t\t<\/div>\n\t\t\t\t<\/div>\n\t\t\t\t<div class=\"elementor-element elementor-element-0c3149a elementor-widget elementor-widget-text-editor\" data-id=\"0c3149a\" data-element_type=\"widget\" data-widget_type=\"text-editor.default\">\n\t\t\t\t<div class=\"elementor-widget-container\">\n\t\t\t\t\t\t\t\t\t<p data-start=\"0\" data-end=\"76\">Preencha seus dados no formul\u00e1rio a seguir e entraremos em contato o mais breve poss\u00edvel!<\/p><p data-start=\"78\" data-end=\"258\" data-is-last-node=\"\">\u00a0<\/p>\t\t\t\t\t\t\t\t<\/div>\n\t\t\t\t<\/div>\n\t\t\t\t\t<\/div>\n\t\t<\/div>\n\t\t\t\t\t<\/div>\n\t\t<\/section>\n\t\t\t\t\t<\/div>\n\t\t<\/div>\n\t\t\t\t\t<\/div>\n\t\t<\/section>\n\t\t<div class=\"elementor-element elementor-element-19cb1b5 e-flex e-con-boxed e-con e-parent\" data-id=\"19cb1b5\" data-element_type=\"container\">\n\t\t\t\t\t<div class=\"e-con-inner\">\n\t\t\t\t<div class=\"elementor-element elementor-element-fe5638b elementor-button-align-stretch elementor-widget elementor-widget-form\" data-id=\"fe5638b\" data-element_type=\"widget\" data-settings=\"{&quot;button_width&quot;:&quot;30&quot;,&quot;step_next_label&quot;:&quot;Pr\\u00f3ximo&quot;,&quot;step_previous_label&quot;:&quot;Anterior&quot;,&quot;step_type&quot;:&quot;number_text&quot;,&quot;step_icon_shape&quot;:&quot;circle&quot;}\" data-widget_type=\"form.default\">\n\t\t\t\t<div class=\"elementor-widget-container\">\n\t\t\t\t\t\t\t<form class=\"elementor-form\" method=\"post\" name=\"Novo formul\u00e1rio\">\n\t\t\t<input type=\"hidden\" name=\"post_id\" value=\"8776\"\/>\n\t\t\t<input type=\"hidden\" name=\"form_id\" value=\"fe5638b\"\/>\n\t\t\t<input type=\"hidden\" name=\"referer_title\" value=\"Rela\u00e7\u00f5es p\u00fablicas\" \/>\n\n\t\t\t\t\t\t\t<input type=\"hidden\" name=\"queried_id\" value=\"8776\"\/>\n\t\t\t\n\t\t\t<div class=\"elementor-form-fields-wrapper elementor-labels-\">\n\t\t\t\t\t\t\t\t<div class=\"elementor-field-type-text elementor-field-group elementor-column elementor-field-group-name elementor-col-100\">\n\t\t\t\t\t\t\t\t\t\t\t\t<label for=\"form-field-name\" class=\"elementor-field-label elementor-screen-only\">\n\t\t\t\t\t\t\t\tNome\t\t\t\t\t\t\t<\/label>\n\t\t\t\t\t\t\t\t\t\t\t\t\t\t<input size=\"1\" type=\"text\" name=\"form_fields[name]\" id=\"form-field-name\" class=\"elementor-field elementor-size-sm  elementor-field-textual\" placeholder=\"Nome\">\n\t\t\t\t\t\t\t\t\t\t\t<\/div>\n\t\t\t\t\t\t\t\t<div class=\"elementor-field-type-email elementor-field-group elementor-column elementor-field-group-email elementor-col-100 elementor-field-required\">\n\t\t\t\t\t\t\t\t\t\t\t\t<label for=\"form-field-email\" class=\"elementor-field-label elementor-screen-only\">\n\t\t\t\t\t\t\t\tE-mail\t\t\t\t\t\t\t<\/label>\n\t\t\t\t\t\t\t\t\t\t\t\t\t\t<input size=\"1\" type=\"email\" name=\"form_fields[email]\" id=\"form-field-email\" class=\"elementor-field elementor-size-sm  elementor-field-textual\" placeholder=\"E-mail\" required=\"required\">\n\t\t\t\t\t\t\t\t\t\t\t<\/div>\n\t\t\t\t\t\t\t\t<div class=\"elementor-field-type-tel elementor-field-group elementor-column elementor-field-group-field_b4f0955 elementor-col-100 elementor-field-required\">\n\t\t\t\t\t\t\t\t\t\t\t\t<label for=\"form-field-field_b4f0955\" class=\"elementor-field-label elementor-screen-only\">\n\t\t\t\t\t\t\t\tTelefone\t\t\t\t\t\t\t<\/label>\n\t\t\t\t\t\t\t\t<input size=\"1\" type=\"tel\" name=\"form_fields[field_b4f0955]\" id=\"form-field-field_b4f0955\" class=\"elementor-field elementor-size-sm  elementor-field-textual\" placeholder=\"Telefone\" required=\"required\" pattern=\"[0-9()#&amp;+*-=.]+\" title=\"Apenas n\u00fameros e caracteres de telefone (#, -, *, etc.) s\u00e3o aceitos.\">\n\n\t\t\t\t\t\t<\/div>\n\t\t\t\t\t\t\t\t<div class=\"elementor-field-type-text elementor-field-group elementor-column elementor-field-group-message elementor-col-100\">\n\t\t\t\t\t\t\t\t\t\t\t\t<label for=\"form-field-message\" class=\"elementor-field-label elementor-screen-only\">\n\t\t\t\t\t\t\t\tMensagem\t\t\t\t\t\t\t<\/label>\n\t\t\t\t\t\t\t\t\t\t\t\t\t\t<input size=\"1\" type=\"text\" name=\"form_fields[message]\" id=\"form-field-message\" class=\"elementor-field elementor-size-sm  elementor-field-textual\" placeholder=\"Mensagem\">\n\t\t\t\t\t\t\t\t\t\t\t<\/div>\n\t\t\t\t\t\t\t\t<div class=\"elementor-field-group elementor-column elementor-field-type-submit elementor-col-30 e-form__buttons\">\n\t\t\t\t\t<button class=\"elementor-button elementor-size-sm\" type=\"submit\">\n\t\t\t\t\t\t<span class=\"elementor-button-content-wrapper\">\n\t\t\t\t\t\t\t\t\t\t\t\t\t\t\t\t\t\t\t\t\t\t<span class=\"elementor-button-text\">Enviar<\/span>\n\t\t\t\t\t\t\t\t\t\t\t\t\t<\/span>\n\t\t\t\t\t<\/button>\n\t\t\t\t<\/div>\n\t\t\t<\/div>\n\t\t<\/form>\n\t\t\t\t\t\t<\/div>\n\t\t\t\t<\/div>\n\t\t\t\t<div class=\"elementor-element elementor-element-3b2169b e-grid-align-left elementor-shape-circle elementor-grid-0 elementor-widget elementor-widget-social-icons\" data-id=\"3b2169b\" data-element_type=\"widget\" data-widget_type=\"social-icons.default\">\n\t\t\t\t<div class=\"elementor-widget-container\">\n\t\t\t\t\t\t\t<div class=\"elementor-social-icons-wrapper elementor-grid\" role=\"list\">\n\t\t\t\t\t\t\t<span class=\"elementor-grid-item\" role=\"listitem\">\n\t\t\t\t\t<a class=\"elementor-icon elementor-social-icon elementor-social-icon-instagram elementor-repeater-item-b393bc8\" href=\"https:\/\/www.instagram.com\/targetcomunicacao\/\" target=\"_blank\">\n\t\t\t\t\t\t<span class=\"elementor-screen-only\">Instagram<\/span>\n\t\t\t\t\t\t<i aria-hidden=\"true\" class=\"fab fa-instagram\"><\/i>\t\t\t\t\t<\/a>\n\t\t\t\t<\/span>\n\t\t\t\t\t\t\t<span class=\"elementor-grid-item\" role=\"listitem\">\n\t\t\t\t\t<a class=\"elementor-icon elementor-social-icon elementor-social-icon-facebook-f elementor-repeater-item-3214369\" href=\"https:\/\/www.facebook.com\/TargetComunicacao\" target=\"_blank\">\n\t\t\t\t\t\t<span class=\"elementor-screen-only\">Facebook-f<\/span>\n\t\t\t\t\t\t<i aria-hidden=\"true\" class=\"fab fa-facebook-f\"><\/i>\t\t\t\t\t<\/a>\n\t\t\t\t<\/span>\n\t\t\t\t\t\t\t<span class=\"elementor-grid-item\" role=\"listitem\">\n\t\t\t\t\t<a class=\"elementor-icon elementor-social-icon elementor-social-icon-linkedin elementor-repeater-item-1ea69b4\" target=\"_blank\">\n\t\t\t\t\t\t<span class=\"elementor-screen-only\">Linkedin<\/span>\n\t\t\t\t\t\t<i aria-hidden=\"true\" class=\"fab fa-linkedin\"><\/i>\t\t\t\t\t<\/a>\n\t\t\t\t<\/span>\n\t\t\t\t\t<\/div>\n\t\t\t\t\t\t<\/div>\n\t\t\t\t<\/div>\n\t\t\t\t\t<\/div>\n\t\t\t\t<\/div>\n\t\t\t\t<\/div>\n\t\t","protected":false},"excerpt":{"rendered":"<p>Rela\u00e7\u00f5es p\u00fablicas Relacionamento \u00e9 reputa\u00e7\u00e3o em movimento.A atua\u00e7\u00e3o em Rela\u00e7\u00f5es P\u00fablicas \u00e9 parte do DNA da Target. Criamos estrat\u00e9gias que constroem, fortalecem e mant\u00eam v\u00ednculos consistentes entre institui\u00e7\u00f5es, marcas e seus p\u00fablicos de interesse \u2014 seja com imprensa, consumidores, parceiros, colaboradores, financiadores ou lideran\u00e7as de opini\u00e3o. Com base em planejamento, an\u00e1lise de cen\u00e1rio e media\u00e7\u00e3o [&hellip;]<\/p>\n","protected":false},"author":49,"featured_media":0,"parent":0,"menu_order":0,"comment_status":"closed","ping_status":"closed","template":"elementor_header_footer","meta":{"footnotes":""},"class_list":["post-8776","page","type-page","status-publish","hentry"],"_links":{"self":[{"href":"https:\/\/jlprojects.com.br\/target\/wp-json\/wp\/v2\/pages\/8776","targetHints":{"allow":["GET"]}}],"collection":[{"href":"https:\/\/jlprojects.com.br\/target\/wp-json\/wp\/v2\/pages"}],"about":[{"href":"https:\/\/jlprojects.com.br\/target\/wp-json\/wp\/v2\/types\/page"}],"author":[{"embeddable":true,"href":"https:\/\/jlprojects.com.br\/target\/wp-json\/wp\/v2\/users\/49"}],"replies":[{"embeddable":true,"href":"https:\/\/jlprojects.com.br\/target\/wp-json\/wp\/v2\/comments?post=8776"}],"version-history":[{"count":4,"href":"https:\/\/jlprojects.com.br\/target\/wp-json\/wp\/v2\/pages\/8776\/revisions"}],"predecessor-version":[{"id":8780,"href":"https:\/\/jlprojects.com.br\/target\/wp-json\/wp\/v2\/pages\/8776\/revisions\/8780"}],"wp:attachment":[{"href":"https:\/\/jlprojects.com.br\/target\/wp-json\/wp\/v2\/media?parent=8776"}],"curies":[{"name":"wp","href":"https:\/\/api.w.org\/{rel}","templated":true}]}}