{"id":6792,"date":"2025-02-09T17:34:41","date_gmt":"2025-02-09T20:34:41","guid":{"rendered":"https:\/\/jlprojects.com.br\/target\/?page_id=6792"},"modified":"2025-10-15T20:42:42","modified_gmt":"2025-10-15T23:42:42","slug":"solucoes","status":"publish","type":"page","link":"https:\/\/jlprojects.com.br\/target\/solucoes\/","title":{"rendered":"Solu\u00e7\u00f5es"},"content":{"rendered":"\t\t<div data-elementor-type=\"wp-page\" data-elementor-id=\"6792\" class=\"elementor elementor-6792\" data-elementor-post-type=\"page\">\n\t\t\t\t<div class=\"elementor-element elementor-element-ef32ffe e-con-full elementor-hidden-mobile e-flex e-con e-parent\" data-id=\"ef32ffe\" data-element_type=\"container\">\n\t\t\t\t<div class=\"elementor-element elementor-element-d6253b3 elementor-widget__width-inherit elementor-widget elementor-widget-image\" data-id=\"d6253b3\" data-element_type=\"widget\" data-widget_type=\"image.default\">\n\t\t\t\t<div class=\"elementor-widget-container\">\n\t\t\t\t\t\t\t\t\t\t\t\t\t\t\t<img fetchpriority=\"high\" decoding=\"async\" width=\"1920\" height=\"600\" src=\"https:\/\/jlprojects.com.br\/target\/wp-content\/uploads\/2025\/10\/Sobre-Nos-9.png\" class=\"attachment-full size-full wp-image-8727\" alt=\"\" srcset=\"https:\/\/jlprojects.com.br\/target\/wp-content\/uploads\/2025\/10\/Sobre-Nos-9.png 1920w, https:\/\/jlprojects.com.br\/target\/wp-content\/uploads\/2025\/10\/Sobre-Nos-9-300x94.png 300w, https:\/\/jlprojects.com.br\/target\/wp-content\/uploads\/2025\/10\/Sobre-Nos-9-1024x320.png 1024w, https:\/\/jlprojects.com.br\/target\/wp-content\/uploads\/2025\/10\/Sobre-Nos-9-768x240.png 768w, https:\/\/jlprojects.com.br\/target\/wp-content\/uploads\/2025\/10\/Sobre-Nos-9-1536x480.png 1536w\" sizes=\"(max-width: 1920px) 100vw, 1920px\" \/>\t\t\t\t\t\t\t\t\t\t\t\t\t\t\t<\/div>\n\t\t\t\t<\/div>\n\t\t\t\t<\/div>\n\t\t<div class=\"elementor-element elementor-element-470bc82 e-con-full elementor-hidden-desktop elementor-hidden-tablet e-flex e-con e-parent\" data-id=\"470bc82\" data-element_type=\"container\">\n\t\t\t\t<div class=\"elementor-element elementor-element-0c30e24 elementor-widget__width-inherit elementor-widget elementor-widget-image\" data-id=\"0c30e24\" data-element_type=\"widget\" data-widget_type=\"image.default\">\n\t\t\t\t<div class=\"elementor-widget-container\">\n\t\t\t\t\t\t\t\t\t\t\t\t\t\t\t<img decoding=\"async\" width=\"600\" height=\"400\" src=\"https:\/\/jlprojects.com.br\/target\/wp-content\/uploads\/2025\/04\/Texto-do-seu-paragrafo-17.png\" class=\"attachment-full size-full wp-image-7857\" alt=\"\" srcset=\"https:\/\/jlprojects.com.br\/target\/wp-content\/uploads\/2025\/04\/Texto-do-seu-paragrafo-17.png 600w, https:\/\/jlprojects.com.br\/target\/wp-content\/uploads\/2025\/04\/Texto-do-seu-paragrafo-17-300x200.png 300w\" sizes=\"(max-width: 600px) 100vw, 600px\" \/>\t\t\t\t\t\t\t\t\t\t\t\t\t\t\t<\/div>\n\t\t\t\t<\/div>\n\t\t\t\t<\/div>\n\t\t<div class=\"elementor-element elementor-element-811f24c e-flex e-con-boxed e-con e-parent\" data-id=\"811f24c\" data-element_type=\"container\">\n\t\t\t\t\t<div class=\"e-con-inner\">\n\t\t\t\t<div class=\"elementor-element elementor-element-539eaad elementor-widget elementor-widget-heading\" data-id=\"539eaad\" data-element_type=\"widget\" data-widget_type=\"heading.default\">\n\t\t\t\t<div class=\"elementor-widget-container\">\n\t\t\t\t\t<h1 class=\"elementor-heading-title elementor-size-default\">Solu\u00e7\u00f5es<\/h1>\t\t\t\t<\/div>\n\t\t\t\t<\/div>\n\t\t\t\t<div class=\"elementor-element elementor-element-2dc4b21 elementor-widget elementor-widget-text-editor\" data-id=\"2dc4b21\" data-element_type=\"widget\" data-widget_type=\"text-editor.default\">\n\t\t\t\t<div class=\"elementor-widget-container\">\n\t\t\t\t\t\t\t\t\t<p><span style=\"font-weight: 400;\">Solu\u00e7\u00f5es que combinam <strong>estrat\u00e9gia, prop\u00f3sito e resultado.<\/strong><\/span><\/p>\t\t\t\t\t\t\t\t<\/div>\n\t\t\t\t<\/div>\n\t\t\t\t\t<\/div>\n\t\t\t\t<\/div>\n\t\t<div class=\"elementor-element elementor-element-cbe0263 e-flex e-con-boxed e-con e-parent\" data-id=\"cbe0263\" data-element_type=\"container\" data-settings=\"{&quot;background_background&quot;:&quot;classic&quot;}\">\n\t\t\t\t\t<div class=\"e-con-inner\">\n\t\t<div class=\"elementor-element elementor-element-687822d e-con-full e-flex e-con e-child\" data-id=\"687822d\" data-element_type=\"container\">\n\t\t\t\t<div class=\"elementor-element elementor-element-4c45b1d elementor-widget elementor-widget-image\" data-id=\"4c45b1d\" data-element_type=\"widget\" data-widget_type=\"image.default\">\n\t\t\t\t<div class=\"elementor-widget-container\">\n\t\t\t\t\t\t\t\t\t\t\t\t\t\t\t<img decoding=\"async\" src=\"https:\/\/jlprojects.com.br\/target\/wp-content\/uploads\/elementor\/thumbs\/rawpixel-653764-unsplash-r1cppql25qwv18rd4s3ys9t1z648o491yvtmcv9vmk.jpg\" title=\"rawpixel-653764-unsplash.jpg\" alt=\"rawpixel-653764-unsplash.jpg\" loading=\"lazy\" \/>\t\t\t\t\t\t\t\t\t\t\t\t\t\t\t<\/div>\n\t\t\t\t<\/div>\n\t\t\t\t<div class=\"elementor-element elementor-element-3999983 elementor-widget elementor-widget-heading\" data-id=\"3999983\" data-element_type=\"widget\" data-widget_type=\"heading.default\">\n\t\t\t\t<div class=\"elementor-widget-container\">\n\t\t\t\t\t<h2 class=\"elementor-heading-title elementor-size-default\">\nAssessoria de imprensa e gest\u00e3o de crises\n<\/h2>\t\t\t\t<\/div>\n\t\t\t\t<\/div>\n\t\t\t\t<div class=\"elementor-element elementor-element-0e3a5cf elementor-widget elementor-widget-text-editor\" data-id=\"0e3a5cf\" data-element_type=\"widget\" data-widget_type=\"text-editor.default\">\n\t\t\t\t<div class=\"elementor-widget-container\">\n\t\t\t\t\t\t\t\t\t<p>lanejamento e estrat\u00e9gia s\u00e3o os principais pilares do trabalho de assessoria e relacionamento com a imprensa realizado pela Target.<\/p>\t\t\t\t\t\t\t\t<\/div>\n\t\t\t\t<\/div>\n\t\t\t\t<div class=\"elementor-element elementor-element-ca5785f elementor-align-center elementor-widget__width-inherit animated-fast elementor-invisible elementor-widget elementor-widget-button\" data-id=\"ca5785f\" data-element_type=\"widget\" data-settings=\"{&quot;_animation&quot;:&quot;fadeIn&quot;}\" data-widget_type=\"button.default\">\n\t\t\t\t<div class=\"elementor-widget-container\">\n\t\t\t\t\t\t\t\t\t<div class=\"elementor-button-wrapper\">\n\t\t\t\t\t<a class=\"elementor-button elementor-button-link elementor-size-sm\" href=\"https:\/\/jlprojects.com.br\/target\/assessoria-de-imprensa-e-gestao-de-crises\/\">\n\t\t\t\t\t\t<span class=\"elementor-button-content-wrapper\">\n\t\t\t\t\t\t\t\t\t<span class=\"elementor-button-text\">Leia Mais<\/span>\n\t\t\t\t\t<\/span>\n\t\t\t\t\t<\/a>\n\t\t\t\t<\/div>\n\t\t\t\t\t\t\t\t<\/div>\n\t\t\t\t<\/div>\n\t\t\t\t<\/div>\n\t\t<div class=\"elementor-element elementor-element-99421cb e-con-full e-flex e-con e-child\" data-id=\"99421cb\" data-element_type=\"container\">\n\t\t\t\t<div class=\"elementor-element elementor-element-e251b56 elementor-widget elementor-widget-image\" data-id=\"e251b56\" data-element_type=\"widget\" data-widget_type=\"image.default\">\n\t\t\t\t<div class=\"elementor-widget-container\">\n\t\t\t\t\t\t\t\t\t\t\t\t\t\t\t<img decoding=\"async\" src=\"https:\/\/jlprojects.com.br\/target\/wp-content\/uploads\/elementor\/thumbs\/2149256146-r2tc86j4iiwymgwmrntznmg288yh2n809muermtysc.jpg\" title=\"2149256146\" alt=\"2149256146\" loading=\"lazy\" \/>\t\t\t\t\t\t\t\t\t\t\t\t\t\t\t<\/div>\n\t\t\t\t<\/div>\n\t\t\t\t<div class=\"elementor-element elementor-element-361e1a9 elementor-widget elementor-widget-heading\" data-id=\"361e1a9\" data-element_type=\"widget\" data-widget_type=\"heading.default\">\n\t\t\t\t<div class=\"elementor-widget-container\">\n\t\t\t\t\t<h2 class=\"elementor-heading-title elementor-size-default\">Gest\u00e3o da reputa\u00e7\u00e3o e  relacionamento com o cliente\n<\/h2>\t\t\t\t<\/div>\n\t\t\t\t<\/div>\n\t\t\t\t<div class=\"elementor-element elementor-element-7448f94 elementor-widget elementor-widget-text-editor\" data-id=\"7448f94\" data-element_type=\"widget\" data-widget_type=\"text-editor.default\">\n\t\t\t\t<div class=\"elementor-widget-container\">\n\t\t\t\t\t\t\t\t\t<p>A rela\u00e7\u00e3o de uma marca com seus clientes tem influ\u00eancia determinante na sua reputa\u00e7\u00e3o.<\/p>\t\t\t\t\t\t\t\t<\/div>\n\t\t\t\t<\/div>\n\t\t\t\t<div class=\"elementor-element elementor-element-1c1594b elementor-align-center elementor-widget__width-inherit animated-fast elementor-invisible elementor-widget elementor-widget-button\" data-id=\"1c1594b\" data-element_type=\"widget\" data-settings=\"{&quot;_animation&quot;:&quot;fadeIn&quot;}\" data-widget_type=\"button.default\">\n\t\t\t\t<div class=\"elementor-widget-container\">\n\t\t\t\t\t\t\t\t\t<div class=\"elementor-button-wrapper\">\n\t\t\t\t\t<a class=\"elementor-button elementor-button-link elementor-size-sm\" href=\"https:\/\/jlprojects.com.br\/target\/gestao-da-reputacao-e-relacionamento-com-o-cliente-2\">\n\t\t\t\t\t\t<span class=\"elementor-button-content-wrapper\">\n\t\t\t\t\t\t\t\t\t<span class=\"elementor-button-text\">Leia Mais<\/span>\n\t\t\t\t\t<\/span>\n\t\t\t\t\t<\/a>\n\t\t\t\t<\/div>\n\t\t\t\t\t\t\t\t<\/div>\n\t\t\t\t<\/div>\n\t\t\t\t<\/div>\n\t\t<div class=\"elementor-element elementor-element-0c22b4c e-con-full e-flex e-con e-child\" data-id=\"0c22b4c\" data-element_type=\"container\">\n\t\t\t\t<div class=\"elementor-element elementor-element-50e89e8 elementor-widget elementor-widget-image\" data-id=\"50e89e8\" data-element_type=\"widget\" data-widget_type=\"image.default\">\n\t\t\t\t<div class=\"elementor-widget-container\">\n\t\t\t\t\t\t\t\t\t\t\t\t\t\t\t<img decoding=\"async\" src=\"https:\/\/jlprojects.com.br\/target\/wp-content\/uploads\/elementor\/thumbs\/2150167355-r2tcaormqmchl19k4qu6azob98lpll68m1h0u74670.jpg\" title=\"2150167355\" alt=\"2150167355\" loading=\"lazy\" \/>\t\t\t\t\t\t\t\t\t\t\t\t\t\t\t<\/div>\n\t\t\t\t<\/div>\n\t\t\t\t<div class=\"elementor-element elementor-element-5fbe020 elementor-widget elementor-widget-heading\" data-id=\"5fbe020\" data-element_type=\"widget\" data-widget_type=\"heading.default\">\n\t\t\t\t<div class=\"elementor-widget-container\">\n\t\t\t\t\t<h2 class=\"elementor-heading-title elementor-size-default\">Rela\u00e7\u00f5es p\u00fablicas\n<\/h2>\t\t\t\t<\/div>\n\t\t\t\t<\/div>\n\t\t\t\t<div class=\"elementor-element elementor-element-a588255 elementor-widget elementor-widget-text-editor\" data-id=\"a588255\" data-element_type=\"widget\" data-widget_type=\"text-editor.default\">\n\t\t\t\t<div class=\"elementor-widget-container\">\n\t\t\t\t\t\t\t\t\tO planejamento de Rela\u00e7\u00f5es P\u00fablicas envolve um trabalho de valoriza\u00e7\u00e3o dos principais bens de uma organiza\u00e7\u00e3o:<p> imagem e reputa\u00e7\u00e3o.\t\t\t\t\t\t\t\t<\/div>\n\t\t\t\t<\/div>\n\t\t\t\t<div class=\"elementor-element elementor-element-94c5fed elementor-align-center elementor-widget__width-inherit animated-fast elementor-invisible elementor-widget elementor-widget-button\" data-id=\"94c5fed\" data-element_type=\"widget\" data-settings=\"{&quot;_animation&quot;:&quot;fadeIn&quot;}\" data-widget_type=\"button.default\">\n\t\t\t\t<div class=\"elementor-widget-container\">\n\t\t\t\t\t\t\t\t\t<div class=\"elementor-button-wrapper\">\n\t\t\t\t\t<a class=\"elementor-button elementor-button-link elementor-size-sm\" href=\"https:\/\/jlprojects.com.br\/target\/relacoes-publicas\">\n\t\t\t\t\t\t<span class=\"elementor-button-content-wrapper\">\n\t\t\t\t\t\t\t\t\t<span class=\"elementor-button-text\">Leia mais <\/span>\n\t\t\t\t\t<\/span>\n\t\t\t\t\t<\/a>\n\t\t\t\t<\/div>\n\t\t\t\t\t\t\t\t<\/div>\n\t\t\t\t<\/div>\n\t\t\t\t<\/div>\n\t\t\t\t\t<\/div>\n\t\t\t\t<\/div>\n\t\t<div class=\"elementor-element elementor-element-67da236 e-flex e-con-boxed e-con e-parent\" data-id=\"67da236\" data-element_type=\"container\" data-settings=\"{&quot;background_background&quot;:&quot;classic&quot;}\">\n\t\t\t\t\t<div class=\"e-con-inner\">\n\t\t<div class=\"elementor-element elementor-element-18d7e37 e-con-full e-flex e-con e-child\" data-id=\"18d7e37\" data-element_type=\"container\">\n\t\t\t\t<div class=\"elementor-element elementor-element-bb4fdd8 elementor-widget elementor-widget-image\" data-id=\"bb4fdd8\" data-element_type=\"widget\" data-widget_type=\"image.default\">\n\t\t\t\t<div class=\"elementor-widget-container\">\n\t\t\t\t\t\t\t\t\t\t\t\t\t\t\t<img decoding=\"async\" src=\"https:\/\/jlprojects.com.br\/target\/wp-content\/uploads\/elementor\/thumbs\/201805_FotosTarget-24_Nao-tao-alta-1140x570-1-r1cqs3dz1df2sf1o5uyx13d6m72frhiqwq5wccejq4.jpg\" title=\"201805_FotosTarget-24_Nao-tao-alta-1140&#215;570\" alt=\"201805_FotosTarget-24_Nao-tao-alta-1140x570\" loading=\"lazy\" \/>\t\t\t\t\t\t\t\t\t\t\t\t\t\t\t<\/div>\n\t\t\t\t<\/div>\n\t\t\t\t<div class=\"elementor-element elementor-element-7bf75fb elementor-widget elementor-widget-heading\" data-id=\"7bf75fb\" data-element_type=\"widget\" data-widget_type=\"heading.default\">\n\t\t\t\t<div class=\"elementor-widget-container\">\n\t\t\t\t\t<h2 class=\"elementor-heading-title elementor-size-default\">Comunica\u00e7\u00e3o para causas e direitos humanos\n<\/h2>\t\t\t\t<\/div>\n\t\t\t\t<\/div>\n\t\t\t\t<div class=\"elementor-element elementor-element-01a0458 elementor-widget elementor-widget-text-editor\" data-id=\"01a0458\" data-element_type=\"widget\" data-widget_type=\"text-editor.default\">\n\t\t\t\t<div class=\"elementor-widget-container\">\n\t\t\t\t\t\t\t\t\t<p>Trabalhamos a Comunica\u00e7\u00e3o Organizacional atrav\u00e9s dos conceitos de comunica\u00e7\u00e3o completa e integrada.<\/p>\t\t\t\t\t\t\t\t<\/div>\n\t\t\t\t<\/div>\n\t\t\t\t<div class=\"elementor-element elementor-element-2295feb elementor-align-center elementor-widget__width-inherit animated-fast elementor-invisible elementor-widget elementor-widget-button\" data-id=\"2295feb\" data-element_type=\"widget\" data-settings=\"{&quot;_animation&quot;:&quot;fadeIn&quot;}\" data-widget_type=\"button.default\">\n\t\t\t\t<div class=\"elementor-widget-container\">\n\t\t\t\t\t\t\t\t\t<div class=\"elementor-button-wrapper\">\n\t\t\t\t\t<a class=\"elementor-button elementor-button-link elementor-size-sm\" href=\"https:\/\/jlprojects.com.br\/target\/comunicacao-para-causas-e-direitos-humanos\">\n\t\t\t\t\t\t<span class=\"elementor-button-content-wrapper\">\n\t\t\t\t\t\t\t\t\t<span class=\"elementor-button-text\">Leia Mais<\/span>\n\t\t\t\t\t<\/span>\n\t\t\t\t\t<\/a>\n\t\t\t\t<\/div>\n\t\t\t\t\t\t\t\t<\/div>\n\t\t\t\t<\/div>\n\t\t\t\t<\/div>\n\t\t<div class=\"elementor-element elementor-element-886e835 e-con-full e-flex e-con e-child\" data-id=\"886e835\" data-element_type=\"container\">\n\t\t\t\t<div class=\"elementor-element elementor-element-fbbc26a elementor-widget elementor-widget-image\" data-id=\"fbbc26a\" data-element_type=\"widget\" data-widget_type=\"image.default\">\n\t\t\t\t<div class=\"elementor-widget-container\">\n\t\t\t\t\t\t\t\t\t\t\t\t\t\t\t<img decoding=\"async\" src=\"https:\/\/jlprojects.com.br\/target\/wp-content\/uploads\/2025\/03\/redes-sociais-scaled.jpg\" title=\"\" alt=\"\" loading=\"lazy\" \/>\t\t\t\t\t\t\t\t\t\t\t\t\t\t\t<\/div>\n\t\t\t\t<\/div>\n\t\t\t\t<div class=\"elementor-element elementor-element-8dbc77f elementor-widget elementor-widget-heading\" data-id=\"8dbc77f\" data-element_type=\"widget\" data-widget_type=\"heading.default\">\n\t\t\t\t<div class=\"elementor-widget-container\">\n\t\t\t\t\t<h2 class=\"elementor-heading-title elementor-size-default\">Conte\u00fado e <p>marketing digital\n<\/h2>\t\t\t\t<\/div>\n\t\t\t\t<\/div>\n\t\t\t\t<div class=\"elementor-element elementor-element-74cf1e0 elementor-widget elementor-widget-text-editor\" data-id=\"74cf1e0\" data-element_type=\"widget\" data-widget_type=\"text-editor.default\">\n\t\t\t\t<div class=\"elementor-widget-container\">\n\t\t\t\t\t\t\t\t\t<p>Em um mundo cada vez mais digital, estar presente nas redes sociais, com conte\u00fado relevante a alinhado \u00e0 marca \u00e9 fundamental.<\/p>\t\t\t\t\t\t\t\t<\/div>\n\t\t\t\t<\/div>\n\t\t\t\t<div class=\"elementor-element elementor-element-db74fe4 elementor-align-center elementor-widget__width-inherit animated-fast elementor-invisible elementor-widget elementor-widget-button\" data-id=\"db74fe4\" data-element_type=\"widget\" data-settings=\"{&quot;_animation&quot;:&quot;fadeIn&quot;}\" data-widget_type=\"button.default\">\n\t\t\t\t<div class=\"elementor-widget-container\">\n\t\t\t\t\t\t\t\t\t<div class=\"elementor-button-wrapper\">\n\t\t\t\t\t<a class=\"elementor-button elementor-button-link elementor-size-sm\" href=\"https:\/\/jlprojects.com.br\/target\/conteudo-e-marketing-digital\">\n\t\t\t\t\t\t<span class=\"elementor-button-content-wrapper\">\n\t\t\t\t\t\t\t\t\t<span class=\"elementor-button-text\">Leia Mais<\/span>\n\t\t\t\t\t<\/span>\n\t\t\t\t\t<\/a>\n\t\t\t\t<\/div>\n\t\t\t\t\t\t\t\t<\/div>\n\t\t\t\t<\/div>\n\t\t\t\t<\/div>\n\t\t<div class=\"elementor-element elementor-element-7cfb5da e-con-full e-flex e-con e-child\" data-id=\"7cfb5da\" data-element_type=\"container\">\n\t\t\t\t<div class=\"elementor-element elementor-element-49827c7 elementor-widget elementor-widget-image\" data-id=\"49827c7\" data-element_type=\"widget\" data-widget_type=\"image.default\">\n\t\t\t\t<div class=\"elementor-widget-container\">\n\t\t\t\t\t\t\t\t\t\t\t\t\t\t\t<img decoding=\"async\" src=\"https:\/\/jlprojects.com.br\/target\/wp-content\/uploads\/elementor\/thumbs\/2151320747-r2tc708dyzb240m2mnjs1f4bhwqyg9k33thk66kokc.jpg\" title=\"2151320747\" alt=\"2151320747\" loading=\"lazy\" \/>\t\t\t\t\t\t\t\t\t\t\t\t\t\t\t<\/div>\n\t\t\t\t<\/div>\n\t\t\t\t<div class=\"elementor-element elementor-element-52e871e elementor-widget elementor-widget-heading\" data-id=\"52e871e\" data-element_type=\"widget\" data-widget_type=\"heading.default\">\n\t\t\t\t<div class=\"elementor-widget-container\">\n\t\t\t\t\t<h2 class=\"elementor-heading-title elementor-size-default\">Design gr\u00e1fico e identidade visual\n<\/h2>\t\t\t\t<\/div>\n\t\t\t\t<\/div>\n\t\t\t\t<div class=\"elementor-element elementor-element-fe5b2fc elementor-widget elementor-widget-text-editor\" data-id=\"fe5b2fc\" data-element_type=\"widget\" data-widget_type=\"text-editor.default\">\n\t\t\t\t<div class=\"elementor-widget-container\">\n\t\t\t\t\t\t\t\t\t<p>Na Target, planejar, criar e gerenciar projetos ou a\u00e7\u00f5es de design gr\u00e1fico \u00e9 mergulhar em infinitas possibilidades e criar di\u00e1logos que envolvam e transformem cora\u00e7\u00f5es e mentes.<\/p>\t\t\t\t\t\t\t\t<\/div>\n\t\t\t\t<\/div>\n\t\t\t\t<div class=\"elementor-element elementor-element-d69bbaf elementor-align-center elementor-widget__width-inherit animated-fast elementor-invisible elementor-widget elementor-widget-button\" data-id=\"d69bbaf\" data-element_type=\"widget\" data-settings=\"{&quot;_animation&quot;:&quot;fadeIn&quot;}\" data-widget_type=\"button.default\">\n\t\t\t\t<div class=\"elementor-widget-container\">\n\t\t\t\t\t\t\t\t\t<div class=\"elementor-button-wrapper\">\n\t\t\t\t\t<a class=\"elementor-button elementor-button-link elementor-size-sm\" href=\"https:\/\/jlprojects.com.br\/target\/design-grafico-e-identidade-visual\">\n\t\t\t\t\t\t<span class=\"elementor-button-content-wrapper\">\n\t\t\t\t\t\t\t\t\t<span class=\"elementor-button-text\">Leia mais <\/span>\n\t\t\t\t\t<\/span>\n\t\t\t\t\t<\/a>\n\t\t\t\t<\/div>\n\t\t\t\t\t\t\t\t<\/div>\n\t\t\t\t<\/div>\n\t\t\t\t<\/div>\n\t\t\t\t\t<\/div>\n\t\t\t\t<\/div>\n\t\t<div class=\"elementor-element elementor-element-a1d786b e-flex e-con-boxed e-con e-parent\" data-id=\"a1d786b\" data-element_type=\"container\">\n\t\t\t\t\t<div class=\"e-con-inner\">\n\t\t\t\t<div class=\"elementor-element elementor-element-59d1b14 e-grid-align-right elementor-widget__width-inherit elementor-fixed elementor-shape-rounded elementor-grid-0 elementor-widget elementor-widget-social-icons\" data-id=\"59d1b14\" data-element_type=\"widget\" data-settings=\"{&quot;_position&quot;:&quot;fixed&quot;}\" data-widget_type=\"social-icons.default\">\n\t\t\t\t<div class=\"elementor-widget-container\">\n\t\t\t\t\t\t\t<div class=\"elementor-social-icons-wrapper elementor-grid\">\n\t\t\t\t\t\t\t<span class=\"elementor-grid-item\">\n\t\t\t\t\t<a class=\"elementor-icon elementor-social-icon elementor-social-icon-whatsapp elementor-repeater-item-71213cd\" target=\"_blank\">\n\t\t\t\t\t\t<span class=\"elementor-screen-only\">Whatsapp<\/span>\n\t\t\t\t\t\t<i aria-hidden=\"true\" class=\"fab fa-whatsapp\"><\/i>\t\t\t\t\t<\/a>\n\t\t\t\t<\/span>\n\t\t\t\t\t<\/div>\n\t\t\t\t\t\t<\/div>\n\t\t\t\t<\/div>\n\t\t\t\t\t<\/div>\n\t\t\t\t<\/div>\n\t\t\t\t<\/div>\n\t\t","protected":false},"excerpt":{"rendered":"<p>Solu\u00e7\u00f5es Solu\u00e7\u00f5es que combinam estrat\u00e9gia, prop\u00f3sito e resultado. Assessoria de imprensa e gest\u00e3o de crises lanejamento e estrat\u00e9gia s\u00e3o os principais pilares do trabalho de assessoria e relacionamento com a imprensa realizado pela Target. Leia Mais Gest\u00e3o da reputa\u00e7\u00e3o e relacionamento com o cliente A rela\u00e7\u00e3o de uma marca com seus clientes tem influ\u00eancia determinante [&hellip;]<\/p>\n","protected":false},"author":8,"featured_media":0,"parent":0,"menu_order":0,"comment_status":"closed","ping_status":"closed","template":"elementor_header_footer","meta":{"footnotes":""},"class_list":["post-6792","page","type-page","status-publish","hentry"],"_links":{"self":[{"href":"https:\/\/jlprojects.com.br\/target\/wp-json\/wp\/v2\/pages\/6792","targetHints":{"allow":["GET"]}}],"collection":[{"href":"https:\/\/jlprojects.com.br\/target\/wp-json\/wp\/v2\/pages"}],"about":[{"href":"https:\/\/jlprojects.com.br\/target\/wp-json\/wp\/v2\/types\/page"}],"author":[{"embeddable":true,"href":"https:\/\/jlprojects.com.br\/target\/wp-json\/wp\/v2\/users\/8"}],"replies":[{"embeddable":true,"href":"https:\/\/jlprojects.com.br\/target\/wp-json\/wp\/v2\/comments?post=6792"}],"version-history":[{"count":127,"href":"https:\/\/jlprojects.com.br\/target\/wp-json\/wp\/v2\/pages\/6792\/revisions"}],"predecessor-version":[{"id":8915,"href":"https:\/\/jlprojects.com.br\/target\/wp-json\/wp\/v2\/pages\/6792\/revisions\/8915"}],"wp:attachment":[{"href":"https:\/\/jlprojects.com.br\/target\/wp-json\/wp\/v2\/media?parent=6792"}],"curies":[{"name":"wp","href":"https:\/\/api.w.org\/{rel}","templated":true}]}}