{"id":6787,"date":"2025-02-09T17:33:56","date_gmt":"2025-02-09T20:33:56","guid":{"rendered":"https:\/\/jlprojects.com.br\/target\/?page_id=6787"},"modified":"2025-11-13T11:58:43","modified_gmt":"2025-11-13T14:58:43","slug":"cases","status":"publish","type":"page","link":"https:\/\/jlprojects.com.br\/target\/cases\/","title":{"rendered":"Cases"},"content":{"rendered":"\t\t<div data-elementor-type=\"wp-page\" data-elementor-id=\"6787\" class=\"elementor elementor-6787\" data-elementor-post-type=\"page\">\n\t\t\t\t<div class=\"elementor-element elementor-element-1ae3a54 e-con-full elementor-hidden-mobile e-flex e-con e-parent\" data-id=\"1ae3a54\" data-element_type=\"container\">\n\t\t\t\t<div class=\"elementor-element elementor-element-578bd75 elementor-widget__width-inherit elementor-widget elementor-widget-image\" data-id=\"578bd75\" data-element_type=\"widget\" data-widget_type=\"image.default\">\n\t\t\t\t<div class=\"elementor-widget-container\">\n\t\t\t\t\t\t\t\t\t\t\t\t\t\t\t<img fetchpriority=\"high\" decoding=\"async\" width=\"1920\" height=\"600\" src=\"https:\/\/jlprojects.com.br\/target\/wp-content\/uploads\/2025\/10\/Sobre-Nos-8.png\" class=\"attachment-full size-full wp-image-8723\" alt=\"\" srcset=\"https:\/\/jlprojects.com.br\/target\/wp-content\/uploads\/2025\/10\/Sobre-Nos-8.png 1920w, https:\/\/jlprojects.com.br\/target\/wp-content\/uploads\/2025\/10\/Sobre-Nos-8-300x94.png 300w, https:\/\/jlprojects.com.br\/target\/wp-content\/uploads\/2025\/10\/Sobre-Nos-8-1024x320.png 1024w, https:\/\/jlprojects.com.br\/target\/wp-content\/uploads\/2025\/10\/Sobre-Nos-8-768x240.png 768w, https:\/\/jlprojects.com.br\/target\/wp-content\/uploads\/2025\/10\/Sobre-Nos-8-1536x480.png 1536w\" sizes=\"(max-width: 1920px) 100vw, 1920px\" \/>\t\t\t\t\t\t\t\t\t\t\t\t\t\t\t<\/div>\n\t\t\t\t<\/div>\n\t\t\t\t<\/div>\n\t\t<div class=\"elementor-element elementor-element-da860ee e-con-full elementor-hidden-desktop elementor-hidden-tablet e-flex e-con e-parent\" data-id=\"da860ee\" data-element_type=\"container\">\n\t\t\t\t<div class=\"elementor-element elementor-element-dfcf8e3 elementor-widget__width-inherit elementor-widget elementor-widget-image\" data-id=\"dfcf8e3\" data-element_type=\"widget\" data-widget_type=\"image.default\">\n\t\t\t\t<div class=\"elementor-widget-container\">\n\t\t\t\t\t\t\t\t\t\t\t\t\t\t\t<img decoding=\"async\" width=\"600\" height=\"400\" src=\"https:\/\/jlprojects.com.br\/target\/wp-content\/uploads\/2025\/04\/Texto-do-seu-paragrafo-18.png\" class=\"attachment-full size-full wp-image-7862\" alt=\"\" srcset=\"https:\/\/jlprojects.com.br\/target\/wp-content\/uploads\/2025\/04\/Texto-do-seu-paragrafo-18.png 600w, https:\/\/jlprojects.com.br\/target\/wp-content\/uploads\/2025\/04\/Texto-do-seu-paragrafo-18-300x200.png 300w\" sizes=\"(max-width: 600px) 100vw, 600px\" \/>\t\t\t\t\t\t\t\t\t\t\t\t\t\t\t<\/div>\n\t\t\t\t<\/div>\n\t\t\t\t<\/div>\n\t\t<div class=\"elementor-element elementor-element-7b76936 elementor-hidden-desktop elementor-hidden-tablet e-flex e-con-boxed e-con e-parent\" data-id=\"7b76936\" data-element_type=\"container\">\n\t\t\t\t\t<div class=\"e-con-inner\">\n\t\t\t\t<div class=\"elementor-element elementor-element-d4341a3 elementor-widget elementor-widget-image\" data-id=\"d4341a3\" data-element_type=\"widget\" data-widget_type=\"image.default\">\n\t\t\t\t<div class=\"elementor-widget-container\">\n\t\t\t\t\t\t\t\t\t\t\t\t\t\t\t\t<a href=\"#elementor-action%3Aaction%3Dpopup%3Aopen%26settings%3DeyJpZCI6IjkxNTQiLCJ0b2dnbGUiOmZhbHNlfQ%3D%3D\">\n\t\t\t\t\t\t\t<img decoding=\"async\" width=\"500\" height=\"500\" src=\"https:\/\/jlprojects.com.br\/target\/wp-content\/uploads\/2025\/11\/Design-sem-nome-34.png\" class=\"attachment-full size-full wp-image-9150\" alt=\"\" srcset=\"https:\/\/jlprojects.com.br\/target\/wp-content\/uploads\/2025\/11\/Design-sem-nome-34.png 500w, https:\/\/jlprojects.com.br\/target\/wp-content\/uploads\/2025\/11\/Design-sem-nome-34-300x300.png 300w, https:\/\/jlprojects.com.br\/target\/wp-content\/uploads\/2025\/11\/Design-sem-nome-34-150x150.png 150w\" sizes=\"(max-width: 500px) 100vw, 500px\" \/>\t\t\t\t\t\t\t\t<\/a>\n\t\t\t\t\t\t\t\t\t\t\t\t\t\t\t<\/div>\n\t\t\t\t<\/div>\n\t\t\t\t<div class=\"elementor-element elementor-element-0537c42 elementor-widget elementor-widget-image\" data-id=\"0537c42\" data-element_type=\"widget\" data-widget_type=\"image.default\">\n\t\t\t\t<div class=\"elementor-widget-container\">\n\t\t\t\t\t\t\t\t\t\t\t\t\t\t\t\t<a href=\"#elementor-action%3Aaction%3Dpopup%3Aopen%26settings%3DeyJpZCI6Ijg4NTEiLCJ0b2dnbGUiOmZhbHNlfQ%3D%3D\">\n\t\t\t\t\t\t\t<img loading=\"lazy\" decoding=\"async\" width=\"1000\" height=\"440\" src=\"https:\/\/jlprojects.com.br\/target\/wp-content\/uploads\/2025\/10\/Frango-Assado-e-KFC.png\" class=\"attachment-full size-full wp-image-8952\" alt=\"\" srcset=\"https:\/\/jlprojects.com.br\/target\/wp-content\/uploads\/2025\/10\/Frango-Assado-e-KFC.png 1000w, https:\/\/jlprojects.com.br\/target\/wp-content\/uploads\/2025\/10\/Frango-Assado-e-KFC-300x132.png 300w, https:\/\/jlprojects.com.br\/target\/wp-content\/uploads\/2025\/10\/Frango-Assado-e-KFC-768x338.png 768w\" sizes=\"(max-width: 1000px) 100vw, 1000px\" \/>\t\t\t\t\t\t\t\t<\/a>\n\t\t\t\t\t\t\t\t\t\t\t\t\t\t\t<\/div>\n\t\t\t\t<\/div>\n\t\t\t\t<div class=\"elementor-element elementor-element-eb24b24 elementor-widget elementor-widget-image\" data-id=\"eb24b24\" data-element_type=\"widget\" data-widget_type=\"image.default\">\n\t\t\t\t<div class=\"elementor-widget-container\">\n\t\t\t\t\t\t\t\t\t\t\t\t\t\t\t\t<a href=\"#elementor-action%3Aaction%3Dpopup%3Aopen%26settings%3DeyJpZCI6Ijg5NDAiLCJ0b2dnbGUiOmZhbHNlfQ%3D%3D\">\n\t\t\t\t\t\t\t<img loading=\"lazy\" decoding=\"async\" width=\"350\" height=\"500\" src=\"https:\/\/jlprojects.com.br\/target\/wp-content\/uploads\/2025\/10\/Design-sem-nome-2025-10-07T084412.887.png\" class=\"attachment-full size-full wp-image-8555\" alt=\"\" srcset=\"https:\/\/jlprojects.com.br\/target\/wp-content\/uploads\/2025\/10\/Design-sem-nome-2025-10-07T084412.887.png 350w, https:\/\/jlprojects.com.br\/target\/wp-content\/uploads\/2025\/10\/Design-sem-nome-2025-10-07T084412.887-210x300.png 210w\" sizes=\"(max-width: 350px) 100vw, 350px\" \/>\t\t\t\t\t\t\t\t<\/a>\n\t\t\t\t\t\t\t\t\t\t\t\t\t\t\t<\/div>\n\t\t\t\t<\/div>\n\t\t\t\t<div class=\"elementor-element elementor-element-4e7dd0f elementor-widget elementor-widget-image\" data-id=\"4e7dd0f\" data-element_type=\"widget\" data-widget_type=\"image.default\">\n\t\t\t\t<div class=\"elementor-widget-container\">\n\t\t\t\t\t\t\t\t\t\t\t\t\t\t\t\t<a href=\"#elementor-action%3Aaction%3Dpopup%3Aopen%26settings%3DeyJpZCI6Ijg4NDUiLCJ0b2dnbGUiOmZhbHNlfQ%3D%3D\">\n\t\t\t\t\t\t\t<img loading=\"lazy\" decoding=\"async\" width=\"1000\" height=\"1366\" src=\"https:\/\/jlprojects.com.br\/target\/wp-content\/uploads\/2025\/10\/Aspen-v2.png\" class=\"attachment-full size-full wp-image-8879\" alt=\"\" srcset=\"https:\/\/jlprojects.com.br\/target\/wp-content\/uploads\/2025\/10\/Aspen-v2.png 1000w, https:\/\/jlprojects.com.br\/target\/wp-content\/uploads\/2025\/10\/Aspen-v2-220x300.png 220w, https:\/\/jlprojects.com.br\/target\/wp-content\/uploads\/2025\/10\/Aspen-v2-750x1024.png 750w, https:\/\/jlprojects.com.br\/target\/wp-content\/uploads\/2025\/10\/Aspen-v2-768x1049.png 768w\" sizes=\"(max-width: 1000px) 100vw, 1000px\" \/>\t\t\t\t\t\t\t\t<\/a>\n\t\t\t\t\t\t\t\t\t\t\t\t\t\t\t<\/div>\n\t\t\t\t<\/div>\n\t\t\t\t<div class=\"elementor-element elementor-element-cedbf71 elementor-hidden-desktop elementor-hidden-tablet elementor-widget elementor-widget-image\" data-id=\"cedbf71\" data-element_type=\"widget\" data-widget_type=\"image.default\">\n\t\t\t\t<div class=\"elementor-widget-container\">\n\t\t\t\t\t\t\t\t\t\t\t\t\t\t\t\t<a href=\"#elementor-action%3Aaction%3Dpopup%3Aopen%26settings%3DeyJpZCI6Ijg4MzkiLCJ0b2dnbGUiOmZhbHNlfQ%3D%3D\">\n\t\t\t\t\t\t\t<img loading=\"lazy\" decoding=\"async\" width=\"1333\" height=\"1436\" src=\"https:\/\/jlprojects.com.br\/target\/wp-content\/uploads\/2025\/10\/Parada-LGBTI-Rio-Grupo-Arco-Iris.jpg\" class=\"attachment-full size-full wp-image-8819\" alt=\"\" srcset=\"https:\/\/jlprojects.com.br\/target\/wp-content\/uploads\/2025\/10\/Parada-LGBTI-Rio-Grupo-Arco-Iris.jpg 1333w, https:\/\/jlprojects.com.br\/target\/wp-content\/uploads\/2025\/10\/Parada-LGBTI-Rio-Grupo-Arco-Iris-278x300.jpg 278w, https:\/\/jlprojects.com.br\/target\/wp-content\/uploads\/2025\/10\/Parada-LGBTI-Rio-Grupo-Arco-Iris-951x1024.jpg 951w, https:\/\/jlprojects.com.br\/target\/wp-content\/uploads\/2025\/10\/Parada-LGBTI-Rio-Grupo-Arco-Iris-768x827.jpg 768w\" sizes=\"(max-width: 1333px) 100vw, 1333px\" \/>\t\t\t\t\t\t\t\t<\/a>\n\t\t\t\t\t\t\t\t\t\t\t\t\t\t\t<\/div>\n\t\t\t\t<\/div>\n\t\t\t\t\t<\/div>\n\t\t\t\t<\/div>\n\t\t<div class=\"elementor-element elementor-element-c7e08eb e-grid elementor-hidden-mobile e-con-boxed e-con e-parent\" data-id=\"c7e08eb\" data-element_type=\"container\">\n\t\t\t\t\t<div class=\"e-con-inner\">\n\t\t<a class=\"elementor-element elementor-element-3fa29e6 e-con-full e-flex elementor-invisible e-con e-child\" data-id=\"3fa29e6\" data-element_type=\"container\" data-settings=\"{&quot;background_background&quot;:&quot;classic&quot;,&quot;animation&quot;:&quot;fadeInLeft&quot;}\" href=\"#elementor-action%3Aaction%3Dpopup%3Aopen%26settings%3DeyJpZCI6Ijg5NDAiLCJ0b2dnbGUiOmZhbHNlfQ%3D%3D\">\n\t\t\t\t<\/a>\n\t\t<div class=\"elementor-element elementor-element-15b20c2 e-con-full e-flex elementor-invisible e-con e-child\" data-id=\"15b20c2\" data-element_type=\"container\" data-settings=\"{&quot;background_background&quot;:&quot;classic&quot;,&quot;animation&quot;:&quot;fadeInDown&quot;}\">\n\t\t\t\t<div class=\"elementor-element elementor-element-c6d5249 elementor-widget elementor-widget-image\" data-id=\"c6d5249\" data-element_type=\"widget\" data-widget_type=\"image.default\">\n\t\t\t\t<div class=\"elementor-widget-container\">\n\t\t\t\t\t\t\t\t\t\t\t\t\t\t\t\t<a href=\"#elementor-action%3Aaction%3Dpopup%3Aopen%26settings%3DeyJpZCI6Ijg4NTEiLCJ0b2dnbGUiOmZhbHNlfQ%3D%3D\">\n\t\t\t\t\t\t\t<img loading=\"lazy\" decoding=\"async\" width=\"2560\" height=\"1126\" src=\"https:\/\/jlprojects.com.br\/target\/wp-content\/uploads\/2025\/11\/GRupo-Arco-Iris-scaled.jpg\" class=\"attachment-full size-full wp-image-9179\" alt=\"\" srcset=\"https:\/\/jlprojects.com.br\/target\/wp-content\/uploads\/2025\/11\/GRupo-Arco-Iris-scaled.jpg 2560w, https:\/\/jlprojects.com.br\/target\/wp-content\/uploads\/2025\/11\/GRupo-Arco-Iris-300x132.jpg 300w, https:\/\/jlprojects.com.br\/target\/wp-content\/uploads\/2025\/11\/GRupo-Arco-Iris-1024x450.jpg 1024w, https:\/\/jlprojects.com.br\/target\/wp-content\/uploads\/2025\/11\/GRupo-Arco-Iris-768x338.jpg 768w, https:\/\/jlprojects.com.br\/target\/wp-content\/uploads\/2025\/11\/GRupo-Arco-Iris-1536x676.jpg 1536w, https:\/\/jlprojects.com.br\/target\/wp-content\/uploads\/2025\/11\/GRupo-Arco-Iris-2048x901.jpg 2048w\" sizes=\"(max-width: 2560px) 100vw, 2560px\" \/>\t\t\t\t\t\t\t\t<\/a>\n\t\t\t\t\t\t\t\t\t\t\t\t\t\t\t<\/div>\n\t\t\t\t<\/div>\n\t\t\t\t<\/div>\n\t\t<a class=\"elementor-element elementor-element-9c1e3a3 e-con-full e-flex elementor-invisible e-con e-child\" data-id=\"9c1e3a3\" data-element_type=\"container\" data-settings=\"{&quot;background_background&quot;:&quot;classic&quot;,&quot;animation&quot;:&quot;zoomIn&quot;}\" href=\"#elementor-action%3Aaction%3Dpopup%3Aopen%26settings%3DeyJpZCI6IjkxMzAiLCJ0b2dnbGUiOmZhbHNlfQ%3D%3D\">\n\t\t\t\t<\/a>\n\t\t<a class=\"elementor-element elementor-element-b5d3451 e-con-full e-flex elementor-invisible e-con e-child\" data-id=\"b5d3451\" data-element_type=\"container\" data-settings=\"{&quot;background_background&quot;:&quot;classic&quot;,&quot;animation&quot;:&quot;fadeInRight&quot;}\" href=\"#elementor-action%3Aaction%3Dpopup%3Aopen%26settings%3DeyJpZCI6Ijg5MTYiLCJ0b2dnbGUiOmZhbHNlfQ%3D%3D\">\n\t\t\t\t<\/a>\n\t\t<a class=\"elementor-element elementor-element-1e4af70 e-con-full e-flex elementor-invisible e-con e-child\" data-id=\"1e4af70\" data-element_type=\"container\" data-settings=\"{&quot;background_background&quot;:&quot;classic&quot;,&quot;animation&quot;:&quot;fadeInLeft&quot;}\" href=\"#elementor-action%3Aaction%3Dpopup%3Aopen%26settings%3DeyJpZCI6Ijg4MzkiLCJ0b2dnbGUiOmZhbHNlfQ%3D%3D\">\n\t\t\t\t<\/a>\n\t\t<a class=\"elementor-element elementor-element-1eba8ae e-con-full e-flex elementor-invisible e-con e-child\" data-id=\"1eba8ae\" data-element_type=\"container\" data-settings=\"{&quot;background_background&quot;:&quot;classic&quot;,&quot;animation&quot;:&quot;fadeInRight&quot;}\" href=\"#elementor-action%3Aaction%3Dpopup%3Aopen%26settings%3DeyJpZCI6Ijg4NjEiLCJ0b2dnbGUiOmZhbHNlfQ%3D%3D\">\n\t\t\t\t<\/a>\n\t\t<div class=\"elementor-element elementor-element-daca49f e-con-full e-flex elementor-invisible e-con e-child\" data-id=\"daca49f\" data-element_type=\"container\" data-settings=\"{&quot;background_background&quot;:&quot;classic&quot;,&quot;animation&quot;:&quot;fadeInRight&quot;}\">\n\t\t\t\t<div class=\"elementor-element elementor-element-d2a84d1 elementor-widget elementor-widget-image\" data-id=\"d2a84d1\" data-element_type=\"widget\" data-widget_type=\"image.default\">\n\t\t\t\t<div class=\"elementor-widget-container\">\n\t\t\t\t\t\t\t\t\t\t\t\t\t\t\t\t<a href=\"#elementor-action%3Aaction%3Dpopup%3Aopen%26settings%3DeyJpZCI6Ijc5MjQiLCJ0b2dnbGUiOmZhbHNlfQ%3D%3D\">\n\t\t\t\t\t\t\t<img loading=\"lazy\" decoding=\"async\" width=\"1000\" height=\"440\" src=\"https:\/\/jlprojects.com.br\/target\/wp-content\/uploads\/2025\/10\/Frango-Assado-e-KFC.png\" class=\"attachment-full size-full wp-image-8952\" alt=\"\" srcset=\"https:\/\/jlprojects.com.br\/target\/wp-content\/uploads\/2025\/10\/Frango-Assado-e-KFC.png 1000w, https:\/\/jlprojects.com.br\/target\/wp-content\/uploads\/2025\/10\/Frango-Assado-e-KFC-300x132.png 300w, https:\/\/jlprojects.com.br\/target\/wp-content\/uploads\/2025\/10\/Frango-Assado-e-KFC-768x338.png 768w\" sizes=\"(max-width: 1000px) 100vw, 1000px\" \/>\t\t\t\t\t\t\t\t<\/a>\n\t\t\t\t\t\t\t\t\t\t\t\t\t\t\t<\/div>\n\t\t\t\t<\/div>\n\t\t\t\t<\/div>\n\t\t<a class=\"elementor-element elementor-element-3eecbd0 e-con-full e-flex elementor-invisible e-con e-child\" data-id=\"3eecbd0\" data-element_type=\"container\" data-settings=\"{&quot;background_background&quot;:&quot;classic&quot;,&quot;animation&quot;:&quot;fadeInRight&quot;}\" href=\"#elementor-action%3Aaction%3Dpopup%3Aopen%26settings%3DeyJpZCI6Ijg4NDUiLCJ0b2dnbGUiOmZhbHNlfQ%3D%3D\">\n\t\t\t\t<\/a>\n\t\t<a class=\"elementor-element elementor-element-f02a91f e-con-full e-flex elementor-invisible e-con e-child\" data-id=\"f02a91f\" data-element_type=\"container\" data-settings=\"{&quot;background_background&quot;:&quot;classic&quot;,&quot;animation&quot;:&quot;fadeInUp&quot;}\" href=\"#elementor-action%3Aaction%3Dpopup%3Aopen%26settings%3DeyJpZCI6Ijg5MDQiLCJ0b2dnbGUiOmZhbHNlfQ%3D%3D\">\n\t\t\t\t<\/a>\n\t\t<a class=\"elementor-element elementor-element-f667fd7 e-con-full e-flex elementor-invisible e-con e-child\" data-id=\"f667fd7\" data-element_type=\"container\" data-settings=\"{&quot;background_background&quot;:&quot;classic&quot;,&quot;animation&quot;:&quot;fadeInUp&quot;}\" href=\"#elementor-action%3Aaction%3Dpopup%3Aopen%26settings%3DeyJpZCI6IjkxNTQiLCJ0b2dnbGUiOmZhbHNlfQ%3D%3D\">\n\t\t\t\t<\/a>\n\t\t\t\t\t<\/div>\n\t\t\t\t<\/div>\n\t\t<div class=\"elementor-element elementor-element-1306c58 e-grid grade-oculta e-con-boxed e-con e-parent\" data-id=\"1306c58\" data-element_type=\"container\" id=\"grade-oculta\">\n\t\t\t\t\t<div class=\"e-con-inner\">\n\t\t<div class=\"elementor-element elementor-element-c95ed3a e-con-full e-flex elementor-invisible e-con e-child\" data-id=\"c95ed3a\" data-element_type=\"container\" data-settings=\"{&quot;background_background&quot;:&quot;classic&quot;,&quot;animation&quot;:&quot;fadeInLeft&quot;}\">\n\t\t\t\t<\/div>\n\t\t<div class=\"elementor-element elementor-element-bfe7dcc e-con-full e-flex elementor-invisible e-con e-child\" data-id=\"bfe7dcc\" data-element_type=\"container\" data-settings=\"{&quot;background_background&quot;:&quot;classic&quot;,&quot;animation&quot;:&quot;fadeInDown&quot;}\">\n\t\t\t\t<\/div>\n\t\t<div class=\"elementor-element elementor-element-3da1589 e-con-full e-flex elementor-invisible e-con e-child\" data-id=\"3da1589\" data-element_type=\"container\" data-settings=\"{&quot;background_background&quot;:&quot;classic&quot;,&quot;animation&quot;:&quot;zoomIn&quot;}\">\n\t\t\t\t<\/div>\n\t\t<div class=\"elementor-element elementor-element-2457b94 e-con-full e-flex elementor-invisible e-con e-child\" data-id=\"2457b94\" data-element_type=\"container\" data-settings=\"{&quot;background_background&quot;:&quot;classic&quot;,&quot;animation&quot;:&quot;fadeInRight&quot;}\">\n\t\t\t\t<\/div>\n\t\t<div class=\"elementor-element elementor-element-4d3b00a e-con-full e-flex elementor-invisible e-con e-child\" data-id=\"4d3b00a\" data-element_type=\"container\" data-settings=\"{&quot;background_background&quot;:&quot;classic&quot;,&quot;animation&quot;:&quot;fadeInLeft&quot;}\">\n\t\t\t\t<\/div>\n\t\t<div class=\"elementor-element elementor-element-0bc36cc e-con-full e-flex elementor-invisible e-con e-child\" data-id=\"0bc36cc\" data-element_type=\"container\" data-settings=\"{&quot;background_background&quot;:&quot;classic&quot;,&quot;animation&quot;:&quot;fadeInRight&quot;}\">\n\t\t\t\t<\/div>\n\t\t<div class=\"elementor-element elementor-element-43cf6a0 e-con-full e-flex elementor-invisible e-con e-child\" data-id=\"43cf6a0\" data-element_type=\"container\" data-settings=\"{&quot;background_background&quot;:&quot;classic&quot;,&quot;animation&quot;:&quot;fadeInUp&quot;}\">\n\t\t\t\t<\/div>\n\t\t<div class=\"elementor-element elementor-element-f0ed7d7 e-con-full e-flex elementor-invisible e-con e-child\" data-id=\"f0ed7d7\" data-element_type=\"container\" data-settings=\"{&quot;background_background&quot;:&quot;classic&quot;,&quot;animation&quot;:&quot;fadeInUp&quot;}\">\n\t\t\t\t<\/div>\n\t\t\t\t<div class=\"elementor-element elementor-element-08c8763 elementor-align-center elementor-widget__width-inherit animated-fast elementor-invisible elementor-widget elementor-widget-button\" data-id=\"08c8763\" data-element_type=\"widget\" data-settings=\"{&quot;_animation&quot;:&quot;fadeIn&quot;}\" data-widget_type=\"button.default\">\n\t\t\t\t<div class=\"elementor-widget-container\">\n\t\t\t\t\t\t\t\t\t<div class=\"elementor-button-wrapper\">\n\t\t\t\t\t<a class=\"elementor-button elementor-size-sm\" role=\"button\">\n\t\t\t\t\t\t<span class=\"elementor-button-content-wrapper\">\n\t\t\t\t\t\t\t\t\t<span class=\"elementor-button-text\">Ver Mais<\/span>\n\t\t\t\t\t<\/span>\n\t\t\t\t\t<\/a>\n\t\t\t\t<\/div>\n\t\t\t\t\t\t\t\t<\/div>\n\t\t\t\t<\/div>\n\t\t\t\t\t<\/div>\n\t\t\t\t<\/div>\n\t\t<div class=\"elementor-element elementor-element-a5b15c9 e-flex e-con-boxed e-con e-parent\" data-id=\"a5b15c9\" data-element_type=\"container\">\n\t\t\t\t\t<div class=\"e-con-inner\">\n\t\t\t\t<div class=\"elementor-element elementor-element-6e37813 elementor-widget elementor-widget-html\" data-id=\"6e37813\" data-element_type=\"widget\" data-widget_type=\"html.default\">\n\t\t\t\t<div class=\"elementor-widget-container\">\n\t\t\t\t\t<script>\n  document.addEventListener(\"DOMContentLoaded\", function () {\n    const botao = document.querySelector(\".botao-ver-mais\"); \/\/ Seleciona por classe\n    const grade = document.getElementById(\"grade-oculta\"); \/\/ Isso voc\u00ea pode manter se tiver esse ID mesmo\n\n    if (botao) {\n      botao.addEventListener(\"click\", function () {\n        if (grade) {\n          grade.classList.add(\"mostrar\");\n        }\n\n        \/\/ Faz o bot\u00e3o sumir com transi\u00e7\u00e3o suave\n        botao.style.transition = \"opacity 0.4s ease\";\n        botao.style.opacity = \"0\";\n\n        setTimeout(() => {\n          botao.style.display = \"none\";\n        }, 400);\n      });\n    }\n\u00a0\u00a0});\n<\/script>\t\t\t\t<\/div>\n\t\t\t\t<\/div>\n\t\t\t\t\t<\/div>\n\t\t\t\t<\/div>\n\t\t<div class=\"elementor-element elementor-element-1072e6e elementor-hidden-desktop elementor-hidden-tablet elementor-hidden-mobile e-flex e-con-boxed e-con e-parent\" data-id=\"1072e6e\" data-element_type=\"container\">\n\t\t\t\t\t<div class=\"e-con-inner\">\n\t\t\t\t<div class=\"elementor-element elementor-element-aa5da72 elementor-align-center elementor-widget__width-inherit animated-fast botao-ver-mais elementor-invisible elementor-widget elementor-widget-button\" data-id=\"aa5da72\" data-element_type=\"widget\" id=\"botao-ver-mais\" data-settings=\"{&quot;_animation&quot;:&quot;fadeIn&quot;}\" data-widget_type=\"button.default\">\n\t\t\t\t<div class=\"elementor-widget-container\">\n\t\t\t\t\t\t\t\t\t<div class=\"elementor-button-wrapper\">\n\t\t\t\t\t<a class=\"elementor-button elementor-size-sm\" role=\"button\">\n\t\t\t\t\t\t<span class=\"elementor-button-content-wrapper\">\n\t\t\t\t\t\t\t\t\t<span class=\"elementor-button-text\">Ver Mais<\/span>\n\t\t\t\t\t<\/span>\n\t\t\t\t\t<\/a>\n\t\t\t\t<\/div>\n\t\t\t\t\t\t\t\t<\/div>\n\t\t\t\t<\/div>\n\t\t\t\t\t<\/div>\n\t\t\t\t<\/div>\n\t\t\t\t<\/div>\n\t\t","protected":false},"excerpt":{"rendered":"<p>Ver Mais Ver Mais<\/p>\n","protected":false},"author":8,"featured_media":0,"parent":0,"menu_order":0,"comment_status":"closed","ping_status":"closed","template":"elementor_header_footer","meta":{"footnotes":""},"class_list":["post-6787","page","type-page","status-publish","hentry"],"_links":{"self":[{"href":"https:\/\/jlprojects.com.br\/target\/wp-json\/wp\/v2\/pages\/6787","targetHints":{"allow":["GET"]}}],"collection":[{"href":"https:\/\/jlprojects.com.br\/target\/wp-json\/wp\/v2\/pages"}],"about":[{"href":"https:\/\/jlprojects.com.br\/target\/wp-json\/wp\/v2\/types\/page"}],"author":[{"embeddable":true,"href":"https:\/\/jlprojects.com.br\/target\/wp-json\/wp\/v2\/users\/8"}],"replies":[{"embeddable":true,"href":"https:\/\/jlprojects.com.br\/target\/wp-json\/wp\/v2\/comments?post=6787"}],"version-history":[{"count":336,"href":"https:\/\/jlprojects.com.br\/target\/wp-json\/wp\/v2\/pages\/6787\/revisions"}],"predecessor-version":[{"id":9186,"href":"https:\/\/jlprojects.com.br\/target\/wp-json\/wp\/v2\/pages\/6787\/revisions\/9186"}],"wp:attachment":[{"href":"https:\/\/jlprojects.com.br\/target\/wp-json\/wp\/v2\/media?parent=6787"}],"curies":[{"name":"wp","href":"https:\/\/api.w.org\/{rel}","templated":true}]}}